{"id":721,"date":"2021-05-17T16:03:40","date_gmt":"2021-05-17T14:03:40","guid":{"rendered":"https:\/\/www.champagne-gimonnet-gonet.com\/produit\/lorigine\/"},"modified":"2025-12-23T17:15:00","modified_gmt":"2025-12-23T16:15:00","slug":"lorigine","status":"publish","type":"product","link":"https:\/\/www.champagne-gimonnet-gonet.com\/en\/produit\/lorigine\/","title":{"rendered":"L&#8217;Origine"},"content":{"rendered":"","protected":false},"excerpt":{"rendered":"","protected":false},"featured_media":720,"template":"","meta":{"_acf_changed":false,"inline_featured_image":false},"product_brand":[],"product_cat":[60],"product_tag":[],"class_list":{"0":"post-721","1":"product","2":"type-product","3":"status-publish","4":"has-post-thumbnail","6":"product_cat-bsa","7":"entry","9":"first","10":"instock","11":"shipping-taxable","12":"purchasable","13":"product-type-variable"},"acf":[],"yoast_head":"<!-- This site is optimized with the Yoast SEO plugin v26.6 - https:\/\/yoast.com\/wordpress\/plugins\/seo\/ -->\n<title>L&#039;Origine - Champagne Gimonnet Gonet<\/title>\n<meta name=\"description\" content=\"L\u2019Origine, 100% Chardonnay. Cuv\u00e9e signature alliant \u00e9l\u00e9gance et finesse, reflet pur de nos grands crus de la C\u00f4te des Blancs.\" \/>\n<meta name=\"robots\" content=\"index, follow, max-snippet:-1, max-image-preview:large, max-video-preview:-1\" \/>\n<link rel=\"canonical\" href=\"https:\/\/www.champagne-gimonnet-gonet.com\/en\/produit\/lorigine\/\" \/>\n<meta property=\"og:locale\" content=\"en_US\" \/>\n<meta property=\"og:type\" content=\"article\" \/>\n<meta property=\"og:title\" content=\"L&#039;Origine - Champagne Gimonnet Gonet\" \/>\n<meta property=\"og:description\" content=\"L\u2019Origine, 100% Chardonnay. Cuv\u00e9e signature alliant \u00e9l\u00e9gance et finesse, reflet pur de nos grands crus de la C\u00f4te des Blancs.\" \/>\n<meta property=\"og:url\" content=\"https:\/\/www.champagne-gimonnet-gonet.com\/en\/produit\/lorigine\/\" \/>\n<meta property=\"og:site_name\" content=\"Champagne Gimonnet Gonet\" \/>\n<meta property=\"article:publisher\" content=\"https:\/\/www.facebook.com\/ChampagneGimonnetGonet\/?locale=fr_FR\" \/>\n<meta property=\"article:modified_time\" content=\"2025-12-23T16:15:00+00:00\" \/>\n<meta property=\"og:image\" content=\"https:\/\/www.champagne-gimonnet-gonet.com\/wp-content\/uploads\/2022\/12\/Lorigine-1-aspect-ratio-345-1342.png\" \/>\n\t<meta property=\"og:image:width\" content=\"345\" \/>\n\t<meta property=\"og:image:height\" content=\"1342\" \/>\n\t<meta property=\"og:image:type\" content=\"image\/png\" \/>\n<meta name=\"twitter:card\" content=\"summary_large_image\" \/>\n<meta name=\"twitter:label1\" content=\"Est. reading time\" \/>\n\t<meta name=\"twitter:data1\" content=\"1 minute\" \/>\n<script type=\"application\/ld+json\" class=\"yoast-schema-graph\">{\"@context\":\"https:\/\/schema.org\",\"@graph\":[{\"@type\":\"WebPage\",\"@id\":\"https:\/\/www.champagne-gimonnet-gonet.com\/en\/produit\/lorigine\/\",\"url\":\"https:\/\/www.champagne-gimonnet-gonet.com\/en\/produit\/lorigine\/\",\"name\":\"L'Origine - Champagne Gimonnet Gonet\",\"isPartOf\":{\"@id\":\"https:\/\/cochetconceptweb.fr\/dev\/gonet\/#website\"},\"primaryImageOfPage\":{\"@id\":\"https:\/\/www.champagne-gimonnet-gonet.com\/en\/produit\/lorigine\/#primaryimage\"},\"image\":{\"@id\":\"https:\/\/www.champagne-gimonnet-gonet.com\/en\/produit\/lorigine\/#primaryimage\"},\"thumbnailUrl\":\"https:\/\/www.champagne-gimonnet-gonet.com\/wp-content\/uploads\/2022\/12\/Lorigine-1-aspect-ratio-345-1342.png\",\"datePublished\":\"2021-05-17T14:03:40+00:00\",\"dateModified\":\"2025-12-23T16:15:00+00:00\",\"description\":\"L\u2019Origine, 100% Chardonnay. Cuv\u00e9e signature alliant \u00e9l\u00e9gance et finesse, reflet pur de nos grands crus de la C\u00f4te des Blancs.\",\"breadcrumb\":{\"@id\":\"https:\/\/www.champagne-gimonnet-gonet.com\/en\/produit\/lorigine\/#breadcrumb\"},\"inLanguage\":\"en-US\",\"potentialAction\":[{\"@type\":\"ReadAction\",\"target\":[\"https:\/\/www.champagne-gimonnet-gonet.com\/en\/produit\/lorigine\/\"]}]},{\"@type\":\"ImageObject\",\"inLanguage\":\"en-US\",\"@id\":\"https:\/\/www.champagne-gimonnet-gonet.com\/en\/produit\/lorigine\/#primaryimage\",\"url\":\"https:\/\/www.champagne-gimonnet-gonet.com\/wp-content\/uploads\/2022\/12\/Lorigine-1-aspect-ratio-345-1342.png\",\"contentUrl\":\"https:\/\/www.champagne-gimonnet-gonet.com\/wp-content\/uploads\/2022\/12\/Lorigine-1-aspect-ratio-345-1342.png\",\"width\":345,\"height\":1342,\"caption\":\"Champagne Gimonnet Gonet Famille de Vignerons L'origine Grand Cru Blancs de Blancs Le Mesnil sur Oger\"},{\"@type\":\"BreadcrumbList\",\"@id\":\"https:\/\/www.champagne-gimonnet-gonet.com\/en\/produit\/lorigine\/#breadcrumb\",\"itemListElement\":[{\"@type\":\"ListItem\",\"position\":1,\"name\":\"Accueil\",\"item\":\"https:\/\/www.champagne-gimonnet-gonet.com\/en\/\"},{\"@type\":\"ListItem\",\"position\":2,\"name\":\"L&rsquo;Origine\"}]},{\"@type\":\"WebSite\",\"@id\":\"https:\/\/cochetconceptweb.fr\/dev\/gonet\/#website\",\"url\":\"https:\/\/cochetconceptweb.fr\/dev\/gonet\/\",\"name\":\"Champagne Gimonnet Gonet\",\"description\":\"De la C\u00f4te des Blancs \u00e0 la Vall\u00e9e de la Marne, puret\u00e9 et authenticit\u00e9.\",\"publisher\":{\"@id\":\"https:\/\/cochetconceptweb.fr\/dev\/gonet\/#organization\"},\"potentialAction\":[{\"@type\":\"SearchAction\",\"target\":{\"@type\":\"EntryPoint\",\"urlTemplate\":\"https:\/\/cochetconceptweb.fr\/dev\/gonet\/?s={search_term_string}\"},\"query-input\":{\"@type\":\"PropertyValueSpecification\",\"valueRequired\":true,\"valueName\":\"search_term_string\"}}],\"inLanguage\":\"en-US\"},{\"@type\":\"Organization\",\"@id\":\"https:\/\/cochetconceptweb.fr\/dev\/gonet\/#organization\",\"name\":\"Champagne Gimonnet Gonet\",\"url\":\"https:\/\/cochetconceptweb.fr\/dev\/gonet\/\",\"logo\":{\"@type\":\"ImageObject\",\"inLanguage\":\"en-US\",\"@id\":\"https:\/\/cochetconceptweb.fr\/dev\/gonet\/#\/schema\/logo\/image\/\",\"url\":\"https:\/\/www.champagne-gimonnet-gonet.com\/wp-content\/uploads\/2025\/07\/logo-header.svg\",\"contentUrl\":\"https:\/\/www.champagne-gimonnet-gonet.com\/wp-content\/uploads\/2025\/07\/logo-header.svg\",\"caption\":\"Champagne Gimonnet Gonet\"},\"image\":{\"@id\":\"https:\/\/cochetconceptweb.fr\/dev\/gonet\/#\/schema\/logo\/image\/\"},\"sameAs\":[\"https:\/\/www.facebook.com\/ChampagneGimonnetGonet\/?locale=fr_FR\"]}]}<\/script>\n<!-- \/ Yoast SEO plugin. -->","yoast_head_json":{"title":"L'Origine - Champagne Gimonnet Gonet","description":"L\u2019Origine, 100% Chardonnay. Cuv\u00e9e signature alliant \u00e9l\u00e9gance et finesse, reflet pur de nos grands crus de la C\u00f4te des Blancs.","robots":{"index":"index","follow":"follow","max-snippet":"max-snippet:-1","max-image-preview":"max-image-preview:large","max-video-preview":"max-video-preview:-1"},"canonical":"https:\/\/www.champagne-gimonnet-gonet.com\/en\/produit\/lorigine\/","og_locale":"en_US","og_type":"article","og_title":"L'Origine - Champagne Gimonnet Gonet","og_description":"L\u2019Origine, 100% Chardonnay. Cuv\u00e9e signature alliant \u00e9l\u00e9gance et finesse, reflet pur de nos grands crus de la C\u00f4te des Blancs.","og_url":"https:\/\/www.champagne-gimonnet-gonet.com\/en\/produit\/lorigine\/","og_site_name":"Champagne Gimonnet Gonet","article_publisher":"https:\/\/www.facebook.com\/ChampagneGimonnetGonet\/?locale=fr_FR","article_modified_time":"2025-12-23T16:15:00+00:00","og_image":[{"width":345,"height":1342,"url":"https:\/\/www.champagne-gimonnet-gonet.com\/wp-content\/uploads\/2022\/12\/Lorigine-1-aspect-ratio-345-1342.png","type":"image\/png"}],"twitter_card":"summary_large_image","twitter_misc":{"Est. reading time":"1 minute"},"schema":{"@context":"https:\/\/schema.org","@graph":[{"@type":"WebPage","@id":"https:\/\/www.champagne-gimonnet-gonet.com\/en\/produit\/lorigine\/","url":"https:\/\/www.champagne-gimonnet-gonet.com\/en\/produit\/lorigine\/","name":"L'Origine - Champagne Gimonnet Gonet","isPartOf":{"@id":"https:\/\/cochetconceptweb.fr\/dev\/gonet\/#website"},"primaryImageOfPage":{"@id":"https:\/\/www.champagne-gimonnet-gonet.com\/en\/produit\/lorigine\/#primaryimage"},"image":{"@id":"https:\/\/www.champagne-gimonnet-gonet.com\/en\/produit\/lorigine\/#primaryimage"},"thumbnailUrl":"https:\/\/www.champagne-gimonnet-gonet.com\/wp-content\/uploads\/2022\/12\/Lorigine-1-aspect-ratio-345-1342.png","datePublished":"2021-05-17T14:03:40+00:00","dateModified":"2025-12-23T16:15:00+00:00","description":"L\u2019Origine, 100% Chardonnay. Cuv\u00e9e signature alliant \u00e9l\u00e9gance et finesse, reflet pur de nos grands crus de la C\u00f4te des Blancs.","breadcrumb":{"@id":"https:\/\/www.champagne-gimonnet-gonet.com\/en\/produit\/lorigine\/#breadcrumb"},"inLanguage":"en-US","potentialAction":[{"@type":"ReadAction","target":["https:\/\/www.champagne-gimonnet-gonet.com\/en\/produit\/lorigine\/"]}]},{"@type":"ImageObject","inLanguage":"en-US","@id":"https:\/\/www.champagne-gimonnet-gonet.com\/en\/produit\/lorigine\/#primaryimage","url":"https:\/\/www.champagne-gimonnet-gonet.com\/wp-content\/uploads\/2022\/12\/Lorigine-1-aspect-ratio-345-1342.png","contentUrl":"https:\/\/www.champagne-gimonnet-gonet.com\/wp-content\/uploads\/2022\/12\/Lorigine-1-aspect-ratio-345-1342.png","width":345,"height":1342,"caption":"Champagne Gimonnet Gonet Famille de Vignerons L'origine Grand Cru Blancs de Blancs Le Mesnil sur Oger"},{"@type":"BreadcrumbList","@id":"https:\/\/www.champagne-gimonnet-gonet.com\/en\/produit\/lorigine\/#breadcrumb","itemListElement":[{"@type":"ListItem","position":1,"name":"Accueil","item":"https:\/\/www.champagne-gimonnet-gonet.com\/en\/"},{"@type":"ListItem","position":2,"name":"L&rsquo;Origine"}]},{"@type":"WebSite","@id":"https:\/\/cochetconceptweb.fr\/dev\/gonet\/#website","url":"https:\/\/cochetconceptweb.fr\/dev\/gonet\/","name":"Champagne Gimonnet Gonet","description":"De la C\u00f4te des Blancs \u00e0 la Vall\u00e9e de la Marne, puret\u00e9 et authenticit\u00e9.","publisher":{"@id":"https:\/\/cochetconceptweb.fr\/dev\/gonet\/#organization"},"potentialAction":[{"@type":"SearchAction","target":{"@type":"EntryPoint","urlTemplate":"https:\/\/cochetconceptweb.fr\/dev\/gonet\/?s={search_term_string}"},"query-input":{"@type":"PropertyValueSpecification","valueRequired":true,"valueName":"search_term_string"}}],"inLanguage":"en-US"},{"@type":"Organization","@id":"https:\/\/cochetconceptweb.fr\/dev\/gonet\/#organization","name":"Champagne Gimonnet Gonet","url":"https:\/\/cochetconceptweb.fr\/dev\/gonet\/","logo":{"@type":"ImageObject","inLanguage":"en-US","@id":"https:\/\/cochetconceptweb.fr\/dev\/gonet\/#\/schema\/logo\/image\/","url":"https:\/\/www.champagne-gimonnet-gonet.com\/wp-content\/uploads\/2025\/07\/logo-header.svg","contentUrl":"https:\/\/www.champagne-gimonnet-gonet.com\/wp-content\/uploads\/2025\/07\/logo-header.svg","caption":"Champagne Gimonnet Gonet"},"image":{"@id":"https:\/\/cochetconceptweb.fr\/dev\/gonet\/#\/schema\/logo\/image\/"},"sameAs":["https:\/\/www.facebook.com\/ChampagneGimonnetGonet\/?locale=fr_FR"]}]}},"_links":{"self":[{"href":"https:\/\/www.champagne-gimonnet-gonet.com\/en\/wp-json\/wp\/v2\/product\/721","targetHints":{"allow":["GET"]}}],"collection":[{"href":"https:\/\/www.champagne-gimonnet-gonet.com\/en\/wp-json\/wp\/v2\/product"}],"about":[{"href":"https:\/\/www.champagne-gimonnet-gonet.com\/en\/wp-json\/wp\/v2\/types\/product"}],"wp:featuredmedia":[{"embeddable":true,"href":"https:\/\/www.champagne-gimonnet-gonet.com\/en\/wp-json\/wp\/v2\/media\/720"}],"wp:attachment":[{"href":"https:\/\/www.champagne-gimonnet-gonet.com\/en\/wp-json\/wp\/v2\/media?parent=721"}],"wp:term":[{"taxonomy":"product_brand","embeddable":true,"href":"https:\/\/www.champagne-gimonnet-gonet.com\/en\/wp-json\/wp\/v2\/product_brand?post=721"},{"taxonomy":"product_cat","embeddable":true,"href":"https:\/\/www.champagne-gimonnet-gonet.com\/en\/wp-json\/wp\/v2\/product_cat?post=721"},{"taxonomy":"product_tag","embeddable":true,"href":"https:\/\/www.champagne-gimonnet-gonet.com\/en\/wp-json\/wp\/v2\/product_tag?post=721"}],"curies":[{"name":"wp","href":"https:\/\/api.w.org\/{rel}","templated":true}]}}