{"id":711,"date":"2021-05-17T15:51:04","date_gmt":"2021-05-17T13:51:04","guid":{"rendered":"https:\/\/www.champagne-gimonnet-gonet.com\/produit\/laccord\/"},"modified":"2025-12-23T17:13:45","modified_gmt":"2025-12-23T16:13:45","slug":"laccord","status":"publish","type":"product","link":"https:\/\/www.champagne-gimonnet-gonet.com\/en\/produit\/laccord\/","title":{"rendered":"L&#8217;Accord"},"content":{"rendered":"<p>Seul assemblage pinot noir\/chardonnay de notre gamme, cette cuv\u00e9e se caract\u00e9rise \u00e0 la fois par son cot\u00e9 fruit\u00e9 et sa d\u00e9licatesse.<\/p>\n","protected":false},"excerpt":{"rendered":"<p>Seul assemblage pinot noir\/chardonnay de notre gamme, cette cuv\u00e9e se caract\u00e9rise \u00e0 la fois par son cot\u00e9 fruit\u00e9 et sa d\u00e9licatesse.<\/p>\n","protected":false},"featured_media":710,"template":"","meta":{"_acf_changed":false,"inline_featured_image":false},"product_brand":[],"product_cat":[60],"product_tag":[],"class_list":{"0":"post-711","1":"product","2":"type-product","3":"status-publish","4":"has-post-thumbnail","6":"product_cat-bsa","7":"entry","9":"first","10":"instock","11":"shipping-taxable","12":"purchasable","13":"product-type-variable","14":"has-default-attributes"},"acf":[],"yoast_head":"<!-- This site is optimized with the Yoast SEO plugin v26.6 - https:\/\/yoast.com\/wordpress\/plugins\/seo\/ -->\n<title>L&#039;Accord - Champagne Gimonnet Gonet<\/title>\n<meta name=\"description\" content=\"L\u2019Accord, 60% Pinot Noir et 40% Chardonnay. Un champagne harmonieux, m\u00ealant la finesse des chardonnays et le fruit\u00e9 des pinots noirs.\" \/>\n<meta name=\"robots\" content=\"index, follow, max-snippet:-1, max-image-preview:large, max-video-preview:-1\" \/>\n<link rel=\"canonical\" href=\"https:\/\/www.champagne-gimonnet-gonet.com\/en\/produit\/laccord\/\" \/>\n<meta property=\"og:locale\" content=\"en_US\" \/>\n<meta property=\"og:type\" content=\"article\" \/>\n<meta property=\"og:title\" content=\"L&#039;Accord - Champagne Gimonnet Gonet\" \/>\n<meta property=\"og:description\" content=\"L\u2019Accord, 60% Pinot Noir et 40% Chardonnay. Un champagne harmonieux, m\u00ealant la finesse des chardonnays et le fruit\u00e9 des pinots noirs.\" \/>\n<meta property=\"og:url\" content=\"https:\/\/www.champagne-gimonnet-gonet.com\/en\/produit\/laccord\/\" \/>\n<meta property=\"og:site_name\" content=\"Champagne Gimonnet Gonet\" \/>\n<meta property=\"article:publisher\" content=\"https:\/\/www.facebook.com\/ChampagneGimonnetGonet\/?locale=fr_FR\" \/>\n<meta property=\"article:modified_time\" content=\"2025-12-23T16:13:45+00:00\" \/>\n<meta property=\"og:image\" content=\"https:\/\/www.champagne-gimonnet-gonet.com\/wp-content\/uploads\/2022\/12\/Laccord-2-aspect-ratio-344-1342.png\" \/>\n\t<meta property=\"og:image:width\" content=\"344\" \/>\n\t<meta property=\"og:image:height\" content=\"1342\" \/>\n\t<meta property=\"og:image:type\" content=\"image\/png\" \/>\n<meta name=\"twitter:card\" content=\"summary_large_image\" \/>\n<meta name=\"twitter:label1\" content=\"Est. reading time\" \/>\n\t<meta name=\"twitter:data1\" content=\"1 minute\" \/>\n<script type=\"application\/ld+json\" class=\"yoast-schema-graph\">{\"@context\":\"https:\/\/schema.org\",\"@graph\":[{\"@type\":\"WebPage\",\"@id\":\"https:\/\/www.champagne-gimonnet-gonet.com\/en\/produit\/laccord\/\",\"url\":\"https:\/\/www.champagne-gimonnet-gonet.com\/en\/produit\/laccord\/\",\"name\":\"L'Accord - Champagne Gimonnet Gonet\",\"isPartOf\":{\"@id\":\"https:\/\/cochetconceptweb.fr\/dev\/gonet\/#website\"},\"primaryImageOfPage\":{\"@id\":\"https:\/\/www.champagne-gimonnet-gonet.com\/en\/produit\/laccord\/#primaryimage\"},\"image\":{\"@id\":\"https:\/\/www.champagne-gimonnet-gonet.com\/en\/produit\/laccord\/#primaryimage\"},\"thumbnailUrl\":\"https:\/\/www.champagne-gimonnet-gonet.com\/wp-content\/uploads\/2022\/12\/Laccord-2-aspect-ratio-344-1342.png\",\"datePublished\":\"2021-05-17T13:51:04+00:00\",\"dateModified\":\"2025-12-23T16:13:45+00:00\",\"description\":\"L\u2019Accord, 60% Pinot Noir et 40% Chardonnay. Un champagne harmonieux, m\u00ealant la finesse des chardonnays et le fruit\u00e9 des pinots noirs.\",\"breadcrumb\":{\"@id\":\"https:\/\/www.champagne-gimonnet-gonet.com\/en\/produit\/laccord\/#breadcrumb\"},\"inLanguage\":\"en-US\",\"potentialAction\":[{\"@type\":\"ReadAction\",\"target\":[\"https:\/\/www.champagne-gimonnet-gonet.com\/en\/produit\/laccord\/\"]}]},{\"@type\":\"ImageObject\",\"inLanguage\":\"en-US\",\"@id\":\"https:\/\/www.champagne-gimonnet-gonet.com\/en\/produit\/laccord\/#primaryimage\",\"url\":\"https:\/\/www.champagne-gimonnet-gonet.com\/wp-content\/uploads\/2022\/12\/Laccord-2-aspect-ratio-344-1342.png\",\"contentUrl\":\"https:\/\/www.champagne-gimonnet-gonet.com\/wp-content\/uploads\/2022\/12\/Laccord-2-aspect-ratio-344-1342.png\",\"width\":344,\"height\":1342,\"caption\":\"Champagne Gimonnet Gonet Famille de Vignerons L'accord Pinot Noir Chardonnay Le Mesnil sur Oger\"},{\"@type\":\"BreadcrumbList\",\"@id\":\"https:\/\/www.champagne-gimonnet-gonet.com\/en\/produit\/laccord\/#breadcrumb\",\"itemListElement\":[{\"@type\":\"ListItem\",\"position\":1,\"name\":\"Accueil\",\"item\":\"https:\/\/www.champagne-gimonnet-gonet.com\/en\/\"},{\"@type\":\"ListItem\",\"position\":2,\"name\":\"L&rsquo;Accord\"}]},{\"@type\":\"WebSite\",\"@id\":\"https:\/\/cochetconceptweb.fr\/dev\/gonet\/#website\",\"url\":\"https:\/\/cochetconceptweb.fr\/dev\/gonet\/\",\"name\":\"Champagne Gimonnet Gonet\",\"description\":\"De la C\u00f4te des Blancs \u00e0 la Vall\u00e9e de la Marne, puret\u00e9 et authenticit\u00e9.\",\"publisher\":{\"@id\":\"https:\/\/cochetconceptweb.fr\/dev\/gonet\/#organization\"},\"potentialAction\":[{\"@type\":\"SearchAction\",\"target\":{\"@type\":\"EntryPoint\",\"urlTemplate\":\"https:\/\/cochetconceptweb.fr\/dev\/gonet\/?s={search_term_string}\"},\"query-input\":{\"@type\":\"PropertyValueSpecification\",\"valueRequired\":true,\"valueName\":\"search_term_string\"}}],\"inLanguage\":\"en-US\"},{\"@type\":\"Organization\",\"@id\":\"https:\/\/cochetconceptweb.fr\/dev\/gonet\/#organization\",\"name\":\"Champagne Gimonnet Gonet\",\"url\":\"https:\/\/cochetconceptweb.fr\/dev\/gonet\/\",\"logo\":{\"@type\":\"ImageObject\",\"inLanguage\":\"en-US\",\"@id\":\"https:\/\/cochetconceptweb.fr\/dev\/gonet\/#\/schema\/logo\/image\/\",\"url\":\"https:\/\/www.champagne-gimonnet-gonet.com\/wp-content\/uploads\/2025\/07\/logo-header.svg\",\"contentUrl\":\"https:\/\/www.champagne-gimonnet-gonet.com\/wp-content\/uploads\/2025\/07\/logo-header.svg\",\"caption\":\"Champagne Gimonnet Gonet\"},\"image\":{\"@id\":\"https:\/\/cochetconceptweb.fr\/dev\/gonet\/#\/schema\/logo\/image\/\"},\"sameAs\":[\"https:\/\/www.facebook.com\/ChampagneGimonnetGonet\/?locale=fr_FR\"]}]}<\/script>\n<!-- \/ Yoast SEO plugin. -->","yoast_head_json":{"title":"L'Accord - Champagne Gimonnet Gonet","description":"L\u2019Accord, 60% Pinot Noir et 40% Chardonnay. Un champagne harmonieux, m\u00ealant la finesse des chardonnays et le fruit\u00e9 des pinots noirs.","robots":{"index":"index","follow":"follow","max-snippet":"max-snippet:-1","max-image-preview":"max-image-preview:large","max-video-preview":"max-video-preview:-1"},"canonical":"https:\/\/www.champagne-gimonnet-gonet.com\/en\/produit\/laccord\/","og_locale":"en_US","og_type":"article","og_title":"L'Accord - Champagne Gimonnet Gonet","og_description":"L\u2019Accord, 60% Pinot Noir et 40% Chardonnay. Un champagne harmonieux, m\u00ealant la finesse des chardonnays et le fruit\u00e9 des pinots noirs.","og_url":"https:\/\/www.champagne-gimonnet-gonet.com\/en\/produit\/laccord\/","og_site_name":"Champagne Gimonnet Gonet","article_publisher":"https:\/\/www.facebook.com\/ChampagneGimonnetGonet\/?locale=fr_FR","article_modified_time":"2025-12-23T16:13:45+00:00","og_image":[{"width":344,"height":1342,"url":"https:\/\/www.champagne-gimonnet-gonet.com\/wp-content\/uploads\/2022\/12\/Laccord-2-aspect-ratio-344-1342.png","type":"image\/png"}],"twitter_card":"summary_large_image","twitter_misc":{"Est. reading time":"1 minute"},"schema":{"@context":"https:\/\/schema.org","@graph":[{"@type":"WebPage","@id":"https:\/\/www.champagne-gimonnet-gonet.com\/en\/produit\/laccord\/","url":"https:\/\/www.champagne-gimonnet-gonet.com\/en\/produit\/laccord\/","name":"L'Accord - Champagne Gimonnet Gonet","isPartOf":{"@id":"https:\/\/cochetconceptweb.fr\/dev\/gonet\/#website"},"primaryImageOfPage":{"@id":"https:\/\/www.champagne-gimonnet-gonet.com\/en\/produit\/laccord\/#primaryimage"},"image":{"@id":"https:\/\/www.champagne-gimonnet-gonet.com\/en\/produit\/laccord\/#primaryimage"},"thumbnailUrl":"https:\/\/www.champagne-gimonnet-gonet.com\/wp-content\/uploads\/2022\/12\/Laccord-2-aspect-ratio-344-1342.png","datePublished":"2021-05-17T13:51:04+00:00","dateModified":"2025-12-23T16:13:45+00:00","description":"L\u2019Accord, 60% Pinot Noir et 40% Chardonnay. Un champagne harmonieux, m\u00ealant la finesse des chardonnays et le fruit\u00e9 des pinots noirs.","breadcrumb":{"@id":"https:\/\/www.champagne-gimonnet-gonet.com\/en\/produit\/laccord\/#breadcrumb"},"inLanguage":"en-US","potentialAction":[{"@type":"ReadAction","target":["https:\/\/www.champagne-gimonnet-gonet.com\/en\/produit\/laccord\/"]}]},{"@type":"ImageObject","inLanguage":"en-US","@id":"https:\/\/www.champagne-gimonnet-gonet.com\/en\/produit\/laccord\/#primaryimage","url":"https:\/\/www.champagne-gimonnet-gonet.com\/wp-content\/uploads\/2022\/12\/Laccord-2-aspect-ratio-344-1342.png","contentUrl":"https:\/\/www.champagne-gimonnet-gonet.com\/wp-content\/uploads\/2022\/12\/Laccord-2-aspect-ratio-344-1342.png","width":344,"height":1342,"caption":"Champagne Gimonnet Gonet Famille de Vignerons L'accord Pinot Noir Chardonnay Le Mesnil sur Oger"},{"@type":"BreadcrumbList","@id":"https:\/\/www.champagne-gimonnet-gonet.com\/en\/produit\/laccord\/#breadcrumb","itemListElement":[{"@type":"ListItem","position":1,"name":"Accueil","item":"https:\/\/www.champagne-gimonnet-gonet.com\/en\/"},{"@type":"ListItem","position":2,"name":"L&rsquo;Accord"}]},{"@type":"WebSite","@id":"https:\/\/cochetconceptweb.fr\/dev\/gonet\/#website","url":"https:\/\/cochetconceptweb.fr\/dev\/gonet\/","name":"Champagne Gimonnet Gonet","description":"De la C\u00f4te des Blancs \u00e0 la Vall\u00e9e de la Marne, puret\u00e9 et authenticit\u00e9.","publisher":{"@id":"https:\/\/cochetconceptweb.fr\/dev\/gonet\/#organization"},"potentialAction":[{"@type":"SearchAction","target":{"@type":"EntryPoint","urlTemplate":"https:\/\/cochetconceptweb.fr\/dev\/gonet\/?s={search_term_string}"},"query-input":{"@type":"PropertyValueSpecification","valueRequired":true,"valueName":"search_term_string"}}],"inLanguage":"en-US"},{"@type":"Organization","@id":"https:\/\/cochetconceptweb.fr\/dev\/gonet\/#organization","name":"Champagne Gimonnet Gonet","url":"https:\/\/cochetconceptweb.fr\/dev\/gonet\/","logo":{"@type":"ImageObject","inLanguage":"en-US","@id":"https:\/\/cochetconceptweb.fr\/dev\/gonet\/#\/schema\/logo\/image\/","url":"https:\/\/www.champagne-gimonnet-gonet.com\/wp-content\/uploads\/2025\/07\/logo-header.svg","contentUrl":"https:\/\/www.champagne-gimonnet-gonet.com\/wp-content\/uploads\/2025\/07\/logo-header.svg","caption":"Champagne Gimonnet Gonet"},"image":{"@id":"https:\/\/cochetconceptweb.fr\/dev\/gonet\/#\/schema\/logo\/image\/"},"sameAs":["https:\/\/www.facebook.com\/ChampagneGimonnetGonet\/?locale=fr_FR"]}]}},"_links":{"self":[{"href":"https:\/\/www.champagne-gimonnet-gonet.com\/en\/wp-json\/wp\/v2\/product\/711","targetHints":{"allow":["GET"]}}],"collection":[{"href":"https:\/\/www.champagne-gimonnet-gonet.com\/en\/wp-json\/wp\/v2\/product"}],"about":[{"href":"https:\/\/www.champagne-gimonnet-gonet.com\/en\/wp-json\/wp\/v2\/types\/product"}],"wp:featuredmedia":[{"embeddable":true,"href":"https:\/\/www.champagne-gimonnet-gonet.com\/en\/wp-json\/wp\/v2\/media\/710"}],"wp:attachment":[{"href":"https:\/\/www.champagne-gimonnet-gonet.com\/en\/wp-json\/wp\/v2\/media?parent=711"}],"wp:term":[{"taxonomy":"product_brand","embeddable":true,"href":"https:\/\/www.champagne-gimonnet-gonet.com\/en\/wp-json\/wp\/v2\/product_brand?post=711"},{"taxonomy":"product_cat","embeddable":true,"href":"https:\/\/www.champagne-gimonnet-gonet.com\/en\/wp-json\/wp\/v2\/product_cat?post=711"},{"taxonomy":"product_tag","embeddable":true,"href":"https:\/\/www.champagne-gimonnet-gonet.com\/en\/wp-json\/wp\/v2\/product_tag?post=711"}],"curies":[{"name":"wp","href":"https:\/\/api.w.org\/{rel}","templated":true}]}}