{"id":703,"date":"2022-06-30T08:46:31","date_gmt":"2022-06-30T06:46:31","guid":{"rendered":"https:\/\/www.champagne-gimonnet-gonet.com\/produit\/leclat\/"},"modified":"2025-12-23T17:12:24","modified_gmt":"2025-12-23T16:12:24","slug":"leclat","status":"publish","type":"product","link":"https:\/\/www.champagne-gimonnet-gonet.com\/en\/produit\/leclat\/","title":{"rendered":"L&#8217;\u00c9clat"},"content":{"rendered":"","protected":false},"excerpt":{"rendered":"","protected":false},"featured_media":702,"template":"","meta":{"_acf_changed":false,"inline_featured_image":false},"product_brand":[],"product_cat":[60],"product_tag":[],"class_list":{"0":"post-703","1":"product","2":"type-product","3":"status-publish","4":"has-post-thumbnail","6":"product_cat-bsa","7":"entry","9":"first","10":"instock","11":"shipping-taxable","12":"purchasable","13":"product-type-variable"},"acf":[],"yoast_head":"<!-- This site is optimized with the Yoast SEO plugin v26.6 - https:\/\/yoast.com\/wordpress\/plugins\/seo\/ -->\n<title>L&#039;\u00c9clat - Champagne Gimonnet Gonet<\/title>\n<meta name=\"description\" content=\"L\u2019\u00c9clat, 80% Chardonnay et 20% Pinot Noir. Un ros\u00e9 \u00e9l\u00e9gant et fin, \u00e9quilibrant fruit\u00e9 et d\u00e9licatesse dans le style maison.\" \/>\n<meta name=\"robots\" content=\"index, follow, max-snippet:-1, max-image-preview:large, max-video-preview:-1\" \/>\n<link rel=\"canonical\" href=\"https:\/\/www.champagne-gimonnet-gonet.com\/en\/produit\/leclat\/\" \/>\n<meta property=\"og:locale\" content=\"en_US\" \/>\n<meta property=\"og:type\" content=\"article\" \/>\n<meta property=\"og:title\" content=\"L&#039;\u00c9clat - Champagne Gimonnet Gonet\" \/>\n<meta property=\"og:description\" content=\"L\u2019\u00c9clat, 80% Chardonnay et 20% Pinot Noir. Un ros\u00e9 \u00e9l\u00e9gant et fin, \u00e9quilibrant fruit\u00e9 et d\u00e9licatesse dans le style maison.\" \/>\n<meta property=\"og:url\" content=\"https:\/\/www.champagne-gimonnet-gonet.com\/en\/produit\/leclat\/\" \/>\n<meta property=\"og:site_name\" content=\"Champagne Gimonnet Gonet\" \/>\n<meta property=\"article:publisher\" content=\"https:\/\/www.facebook.com\/ChampagneGimonnetGonet\/?locale=fr_FR\" \/>\n<meta property=\"article:modified_time\" content=\"2025-12-23T16:12:24+00:00\" \/>\n<meta property=\"og:image\" content=\"https:\/\/www.champagne-gimonnet-gonet.com\/wp-content\/uploads\/2022\/12\/Leclat-aspect-ratio-347-1343.png\" \/>\n\t<meta property=\"og:image:width\" content=\"347\" \/>\n\t<meta property=\"og:image:height\" content=\"1343\" \/>\n\t<meta property=\"og:image:type\" content=\"image\/png\" \/>\n<meta name=\"twitter:card\" content=\"summary_large_image\" \/>\n<meta name=\"twitter:label1\" content=\"Est. reading time\" \/>\n\t<meta name=\"twitter:data1\" content=\"1 minute\" \/>\n<script type=\"application\/ld+json\" class=\"yoast-schema-graph\">{\"@context\":\"https:\/\/schema.org\",\"@graph\":[{\"@type\":\"WebPage\",\"@id\":\"https:\/\/www.champagne-gimonnet-gonet.com\/en\/produit\/leclat\/\",\"url\":\"https:\/\/www.champagne-gimonnet-gonet.com\/en\/produit\/leclat\/\",\"name\":\"L'\u00c9clat - Champagne Gimonnet Gonet\",\"isPartOf\":{\"@id\":\"https:\/\/cochetconceptweb.fr\/dev\/gonet\/#website\"},\"primaryImageOfPage\":{\"@id\":\"https:\/\/www.champagne-gimonnet-gonet.com\/en\/produit\/leclat\/#primaryimage\"},\"image\":{\"@id\":\"https:\/\/www.champagne-gimonnet-gonet.com\/en\/produit\/leclat\/#primaryimage\"},\"thumbnailUrl\":\"https:\/\/www.champagne-gimonnet-gonet.com\/wp-content\/uploads\/2022\/12\/Leclat-aspect-ratio-347-1343.png\",\"datePublished\":\"2022-06-30T06:46:31+00:00\",\"dateModified\":\"2025-12-23T16:12:24+00:00\",\"description\":\"L\u2019\u00c9clat, 80% Chardonnay et 20% Pinot Noir. Un ros\u00e9 \u00e9l\u00e9gant et fin, \u00e9quilibrant fruit\u00e9 et d\u00e9licatesse dans le style maison.\",\"breadcrumb\":{\"@id\":\"https:\/\/www.champagne-gimonnet-gonet.com\/en\/produit\/leclat\/#breadcrumb\"},\"inLanguage\":\"en-US\",\"potentialAction\":[{\"@type\":\"ReadAction\",\"target\":[\"https:\/\/www.champagne-gimonnet-gonet.com\/en\/produit\/leclat\/\"]}]},{\"@type\":\"ImageObject\",\"inLanguage\":\"en-US\",\"@id\":\"https:\/\/www.champagne-gimonnet-gonet.com\/en\/produit\/leclat\/#primaryimage\",\"url\":\"https:\/\/www.champagne-gimonnet-gonet.com\/wp-content\/uploads\/2022\/12\/Leclat-aspect-ratio-347-1343.png\",\"contentUrl\":\"https:\/\/www.champagne-gimonnet-gonet.com\/wp-content\/uploads\/2022\/12\/Leclat-aspect-ratio-347-1343.png\",\"width\":347,\"height\":1343,\"caption\":\"Champagne Gimonnet Gonet Famille de Vignerons L'\u00e9clat Ros\u00e9 Grand Cru Le Mesnil sur Oger\"},{\"@type\":\"BreadcrumbList\",\"@id\":\"https:\/\/www.champagne-gimonnet-gonet.com\/en\/produit\/leclat\/#breadcrumb\",\"itemListElement\":[{\"@type\":\"ListItem\",\"position\":1,\"name\":\"Accueil\",\"item\":\"https:\/\/www.champagne-gimonnet-gonet.com\/en\/\"},{\"@type\":\"ListItem\",\"position\":2,\"name\":\"L&rsquo;\u00c9clat\"}]},{\"@type\":\"WebSite\",\"@id\":\"https:\/\/cochetconceptweb.fr\/dev\/gonet\/#website\",\"url\":\"https:\/\/cochetconceptweb.fr\/dev\/gonet\/\",\"name\":\"Champagne Gimonnet Gonet\",\"description\":\"De la C\u00f4te des Blancs \u00e0 la Vall\u00e9e de la Marne, puret\u00e9 et authenticit\u00e9.\",\"publisher\":{\"@id\":\"https:\/\/cochetconceptweb.fr\/dev\/gonet\/#organization\"},\"potentialAction\":[{\"@type\":\"SearchAction\",\"target\":{\"@type\":\"EntryPoint\",\"urlTemplate\":\"https:\/\/cochetconceptweb.fr\/dev\/gonet\/?s={search_term_string}\"},\"query-input\":{\"@type\":\"PropertyValueSpecification\",\"valueRequired\":true,\"valueName\":\"search_term_string\"}}],\"inLanguage\":\"en-US\"},{\"@type\":\"Organization\",\"@id\":\"https:\/\/cochetconceptweb.fr\/dev\/gonet\/#organization\",\"name\":\"Champagne Gimonnet Gonet\",\"url\":\"https:\/\/cochetconceptweb.fr\/dev\/gonet\/\",\"logo\":{\"@type\":\"ImageObject\",\"inLanguage\":\"en-US\",\"@id\":\"https:\/\/cochetconceptweb.fr\/dev\/gonet\/#\/schema\/logo\/image\/\",\"url\":\"https:\/\/www.champagne-gimonnet-gonet.com\/wp-content\/uploads\/2025\/07\/logo-header.svg\",\"contentUrl\":\"https:\/\/www.champagne-gimonnet-gonet.com\/wp-content\/uploads\/2025\/07\/logo-header.svg\",\"caption\":\"Champagne Gimonnet Gonet\"},\"image\":{\"@id\":\"https:\/\/cochetconceptweb.fr\/dev\/gonet\/#\/schema\/logo\/image\/\"},\"sameAs\":[\"https:\/\/www.facebook.com\/ChampagneGimonnetGonet\/?locale=fr_FR\"]}]}<\/script>\n<!-- \/ Yoast SEO plugin. -->","yoast_head_json":{"title":"L'\u00c9clat - Champagne Gimonnet Gonet","description":"L\u2019\u00c9clat, 80% Chardonnay et 20% Pinot Noir. Un ros\u00e9 \u00e9l\u00e9gant et fin, \u00e9quilibrant fruit\u00e9 et d\u00e9licatesse dans le style maison.","robots":{"index":"index","follow":"follow","max-snippet":"max-snippet:-1","max-image-preview":"max-image-preview:large","max-video-preview":"max-video-preview:-1"},"canonical":"https:\/\/www.champagne-gimonnet-gonet.com\/en\/produit\/leclat\/","og_locale":"en_US","og_type":"article","og_title":"L'\u00c9clat - Champagne Gimonnet Gonet","og_description":"L\u2019\u00c9clat, 80% Chardonnay et 20% Pinot Noir. Un ros\u00e9 \u00e9l\u00e9gant et fin, \u00e9quilibrant fruit\u00e9 et d\u00e9licatesse dans le style maison.","og_url":"https:\/\/www.champagne-gimonnet-gonet.com\/en\/produit\/leclat\/","og_site_name":"Champagne Gimonnet Gonet","article_publisher":"https:\/\/www.facebook.com\/ChampagneGimonnetGonet\/?locale=fr_FR","article_modified_time":"2025-12-23T16:12:24+00:00","og_image":[{"width":347,"height":1343,"url":"https:\/\/www.champagne-gimonnet-gonet.com\/wp-content\/uploads\/2022\/12\/Leclat-aspect-ratio-347-1343.png","type":"image\/png"}],"twitter_card":"summary_large_image","twitter_misc":{"Est. reading time":"1 minute"},"schema":{"@context":"https:\/\/schema.org","@graph":[{"@type":"WebPage","@id":"https:\/\/www.champagne-gimonnet-gonet.com\/en\/produit\/leclat\/","url":"https:\/\/www.champagne-gimonnet-gonet.com\/en\/produit\/leclat\/","name":"L'\u00c9clat - Champagne Gimonnet Gonet","isPartOf":{"@id":"https:\/\/cochetconceptweb.fr\/dev\/gonet\/#website"},"primaryImageOfPage":{"@id":"https:\/\/www.champagne-gimonnet-gonet.com\/en\/produit\/leclat\/#primaryimage"},"image":{"@id":"https:\/\/www.champagne-gimonnet-gonet.com\/en\/produit\/leclat\/#primaryimage"},"thumbnailUrl":"https:\/\/www.champagne-gimonnet-gonet.com\/wp-content\/uploads\/2022\/12\/Leclat-aspect-ratio-347-1343.png","datePublished":"2022-06-30T06:46:31+00:00","dateModified":"2025-12-23T16:12:24+00:00","description":"L\u2019\u00c9clat, 80% Chardonnay et 20% Pinot Noir. Un ros\u00e9 \u00e9l\u00e9gant et fin, \u00e9quilibrant fruit\u00e9 et d\u00e9licatesse dans le style maison.","breadcrumb":{"@id":"https:\/\/www.champagne-gimonnet-gonet.com\/en\/produit\/leclat\/#breadcrumb"},"inLanguage":"en-US","potentialAction":[{"@type":"ReadAction","target":["https:\/\/www.champagne-gimonnet-gonet.com\/en\/produit\/leclat\/"]}]},{"@type":"ImageObject","inLanguage":"en-US","@id":"https:\/\/www.champagne-gimonnet-gonet.com\/en\/produit\/leclat\/#primaryimage","url":"https:\/\/www.champagne-gimonnet-gonet.com\/wp-content\/uploads\/2022\/12\/Leclat-aspect-ratio-347-1343.png","contentUrl":"https:\/\/www.champagne-gimonnet-gonet.com\/wp-content\/uploads\/2022\/12\/Leclat-aspect-ratio-347-1343.png","width":347,"height":1343,"caption":"Champagne Gimonnet Gonet Famille de Vignerons L'\u00e9clat Ros\u00e9 Grand Cru Le Mesnil sur Oger"},{"@type":"BreadcrumbList","@id":"https:\/\/www.champagne-gimonnet-gonet.com\/en\/produit\/leclat\/#breadcrumb","itemListElement":[{"@type":"ListItem","position":1,"name":"Accueil","item":"https:\/\/www.champagne-gimonnet-gonet.com\/en\/"},{"@type":"ListItem","position":2,"name":"L&rsquo;\u00c9clat"}]},{"@type":"WebSite","@id":"https:\/\/cochetconceptweb.fr\/dev\/gonet\/#website","url":"https:\/\/cochetconceptweb.fr\/dev\/gonet\/","name":"Champagne Gimonnet Gonet","description":"De la C\u00f4te des Blancs \u00e0 la Vall\u00e9e de la Marne, puret\u00e9 et authenticit\u00e9.","publisher":{"@id":"https:\/\/cochetconceptweb.fr\/dev\/gonet\/#organization"},"potentialAction":[{"@type":"SearchAction","target":{"@type":"EntryPoint","urlTemplate":"https:\/\/cochetconceptweb.fr\/dev\/gonet\/?s={search_term_string}"},"query-input":{"@type":"PropertyValueSpecification","valueRequired":true,"valueName":"search_term_string"}}],"inLanguage":"en-US"},{"@type":"Organization","@id":"https:\/\/cochetconceptweb.fr\/dev\/gonet\/#organization","name":"Champagne Gimonnet Gonet","url":"https:\/\/cochetconceptweb.fr\/dev\/gonet\/","logo":{"@type":"ImageObject","inLanguage":"en-US","@id":"https:\/\/cochetconceptweb.fr\/dev\/gonet\/#\/schema\/logo\/image\/","url":"https:\/\/www.champagne-gimonnet-gonet.com\/wp-content\/uploads\/2025\/07\/logo-header.svg","contentUrl":"https:\/\/www.champagne-gimonnet-gonet.com\/wp-content\/uploads\/2025\/07\/logo-header.svg","caption":"Champagne Gimonnet Gonet"},"image":{"@id":"https:\/\/cochetconceptweb.fr\/dev\/gonet\/#\/schema\/logo\/image\/"},"sameAs":["https:\/\/www.facebook.com\/ChampagneGimonnetGonet\/?locale=fr_FR"]}]}},"_links":{"self":[{"href":"https:\/\/www.champagne-gimonnet-gonet.com\/en\/wp-json\/wp\/v2\/product\/703","targetHints":{"allow":["GET"]}}],"collection":[{"href":"https:\/\/www.champagne-gimonnet-gonet.com\/en\/wp-json\/wp\/v2\/product"}],"about":[{"href":"https:\/\/www.champagne-gimonnet-gonet.com\/en\/wp-json\/wp\/v2\/types\/product"}],"wp:featuredmedia":[{"embeddable":true,"href":"https:\/\/www.champagne-gimonnet-gonet.com\/en\/wp-json\/wp\/v2\/media\/702"}],"wp:attachment":[{"href":"https:\/\/www.champagne-gimonnet-gonet.com\/en\/wp-json\/wp\/v2\/media?parent=703"}],"wp:term":[{"taxonomy":"product_brand","embeddable":true,"href":"https:\/\/www.champagne-gimonnet-gonet.com\/en\/wp-json\/wp\/v2\/product_brand?post=703"},{"taxonomy":"product_cat","embeddable":true,"href":"https:\/\/www.champagne-gimonnet-gonet.com\/en\/wp-json\/wp\/v2\/product_cat?post=703"},{"taxonomy":"product_tag","embeddable":true,"href":"https:\/\/www.champagne-gimonnet-gonet.com\/en\/wp-json\/wp\/v2\/product_tag?post=703"}],"curies":[{"name":"wp","href":"https:\/\/api.w.org\/{rel}","templated":true}]}}