{"id":699,"date":"2025-12-10T09:20:42","date_gmt":"2025-12-10T08:20:42","guid":{"rendered":"https:\/\/www.champagne-gimonnet-gonet.com\/produit\/lidentite-2019\/"},"modified":"2025-12-23T17:07:25","modified_gmt":"2025-12-23T16:07:25","slug":"lidentite-2019","status":"publish","type":"product","link":"https:\/\/www.champagne-gimonnet-gonet.com\/en\/produit\/lidentite-2019\/","title":{"rendered":"L&#8217;Identit\u00e9 2019"},"content":{"rendered":"","protected":false},"excerpt":{"rendered":"","protected":false},"featured_media":698,"template":"","meta":{"_acf_changed":false,"inline_featured_image":false},"product_brand":[],"product_cat":[60],"product_tag":[],"class_list":{"0":"post-699","1":"product","2":"type-product","3":"status-publish","4":"has-post-thumbnail","6":"product_cat-bsa","7":"entry","9":"first","10":"instock","11":"shipping-taxable","12":"purchasable","13":"product-type-variable"},"acf":[],"yoast_head":"<!-- This site is optimized with the Yoast SEO plugin v26.6 - https:\/\/yoast.com\/wordpress\/plugins\/seo\/ -->\n<title>L&#039;Identit\u00e9 2019 - Champagne Gimonnet Gonet<\/title>\n<meta name=\"description\" content=\"L\u2019Identit\u00e9 2019, 100% Chardonnay. Un Blanc de blancs rond et g\u00e9n\u00e9reux, reflet lumineux d\u2019un mill\u00e9sime marqu\u00e9 par chaleur et soleil.\" \/>\n<meta name=\"robots\" content=\"index, follow, max-snippet:-1, max-image-preview:large, max-video-preview:-1\" \/>\n<link rel=\"canonical\" href=\"https:\/\/www.champagne-gimonnet-gonet.com\/en\/produit\/lidentite-2019\/\" \/>\n<meta property=\"og:locale\" content=\"en_US\" \/>\n<meta property=\"og:type\" content=\"article\" \/>\n<meta property=\"og:title\" content=\"L&#039;Identit\u00e9 2019 - Champagne Gimonnet Gonet\" \/>\n<meta property=\"og:description\" content=\"L\u2019Identit\u00e9 2019, 100% Chardonnay. Un Blanc de blancs rond et g\u00e9n\u00e9reux, reflet lumineux d\u2019un mill\u00e9sime marqu\u00e9 par chaleur et soleil.\" \/>\n<meta property=\"og:url\" content=\"https:\/\/www.champagne-gimonnet-gonet.com\/en\/produit\/lidentite-2019\/\" \/>\n<meta property=\"og:site_name\" content=\"Champagne Gimonnet Gonet\" \/>\n<meta property=\"article:publisher\" content=\"https:\/\/www.facebook.com\/ChampagneGimonnetGonet\/?locale=fr_FR\" \/>\n<meta property=\"article:modified_time\" content=\"2025-12-23T16:07:25+00:00\" \/>\n<meta property=\"og:image\" content=\"https:\/\/www.champagne-gimonnet-gonet.com\/wp-content\/uploads\/2025\/12\/Sans-titre-1.png\" \/>\n\t<meta property=\"og:image:width\" content=\"141\" \/>\n\t<meta property=\"og:image:height\" content=\"465\" \/>\n\t<meta property=\"og:image:type\" content=\"image\/png\" \/>\n<meta name=\"twitter:card\" content=\"summary_large_image\" \/>\n<meta name=\"twitter:label1\" content=\"Est. reading time\" \/>\n\t<meta name=\"twitter:data1\" content=\"1 minute\" \/>\n<script type=\"application\/ld+json\" class=\"yoast-schema-graph\">{\"@context\":\"https:\/\/schema.org\",\"@graph\":[{\"@type\":\"WebPage\",\"@id\":\"https:\/\/www.champagne-gimonnet-gonet.com\/en\/produit\/lidentite-2019\/\",\"url\":\"https:\/\/www.champagne-gimonnet-gonet.com\/en\/produit\/lidentite-2019\/\",\"name\":\"L'Identit\u00e9 2019 - Champagne Gimonnet Gonet\",\"isPartOf\":{\"@id\":\"https:\/\/cochetconceptweb.fr\/dev\/gonet\/#website\"},\"primaryImageOfPage\":{\"@id\":\"https:\/\/www.champagne-gimonnet-gonet.com\/en\/produit\/lidentite-2019\/#primaryimage\"},\"image\":{\"@id\":\"https:\/\/www.champagne-gimonnet-gonet.com\/en\/produit\/lidentite-2019\/#primaryimage\"},\"thumbnailUrl\":\"https:\/\/www.champagne-gimonnet-gonet.com\/wp-content\/uploads\/2025\/12\/Sans-titre-1.png\",\"datePublished\":\"2025-12-10T08:20:42+00:00\",\"dateModified\":\"2025-12-23T16:07:25+00:00\",\"description\":\"L\u2019Identit\u00e9 2019, 100% Chardonnay. Un Blanc de blancs rond et g\u00e9n\u00e9reux, reflet lumineux d\u2019un mill\u00e9sime marqu\u00e9 par chaleur et soleil.\",\"breadcrumb\":{\"@id\":\"https:\/\/www.champagne-gimonnet-gonet.com\/en\/produit\/lidentite-2019\/#breadcrumb\"},\"inLanguage\":\"en-US\",\"potentialAction\":[{\"@type\":\"ReadAction\",\"target\":[\"https:\/\/www.champagne-gimonnet-gonet.com\/en\/produit\/lidentite-2019\/\"]}]},{\"@type\":\"ImageObject\",\"inLanguage\":\"en-US\",\"@id\":\"https:\/\/www.champagne-gimonnet-gonet.com\/en\/produit\/lidentite-2019\/#primaryimage\",\"url\":\"https:\/\/www.champagne-gimonnet-gonet.com\/wp-content\/uploads\/2025\/12\/Sans-titre-1.png\",\"contentUrl\":\"https:\/\/www.champagne-gimonnet-gonet.com\/wp-content\/uploads\/2025\/12\/Sans-titre-1.png\",\"width\":141,\"height\":465,\"caption\":\"Champagne Gimonnet Gonet L'identit\u00e9 2019 Grand Cru Blanc de blancs\"},{\"@type\":\"BreadcrumbList\",\"@id\":\"https:\/\/www.champagne-gimonnet-gonet.com\/en\/produit\/lidentite-2019\/#breadcrumb\",\"itemListElement\":[{\"@type\":\"ListItem\",\"position\":1,\"name\":\"Accueil\",\"item\":\"https:\/\/www.champagne-gimonnet-gonet.com\/en\/\"},{\"@type\":\"ListItem\",\"position\":2,\"name\":\"L&rsquo;Identit\u00e9 2019\"}]},{\"@type\":\"WebSite\",\"@id\":\"https:\/\/cochetconceptweb.fr\/dev\/gonet\/#website\",\"url\":\"https:\/\/cochetconceptweb.fr\/dev\/gonet\/\",\"name\":\"Champagne Gimonnet Gonet\",\"description\":\"De la C\u00f4te des Blancs \u00e0 la Vall\u00e9e de la Marne, puret\u00e9 et authenticit\u00e9.\",\"publisher\":{\"@id\":\"https:\/\/cochetconceptweb.fr\/dev\/gonet\/#organization\"},\"potentialAction\":[{\"@type\":\"SearchAction\",\"target\":{\"@type\":\"EntryPoint\",\"urlTemplate\":\"https:\/\/cochetconceptweb.fr\/dev\/gonet\/?s={search_term_string}\"},\"query-input\":{\"@type\":\"PropertyValueSpecification\",\"valueRequired\":true,\"valueName\":\"search_term_string\"}}],\"inLanguage\":\"en-US\"},{\"@type\":\"Organization\",\"@id\":\"https:\/\/cochetconceptweb.fr\/dev\/gonet\/#organization\",\"name\":\"Champagne Gimonnet Gonet\",\"url\":\"https:\/\/cochetconceptweb.fr\/dev\/gonet\/\",\"logo\":{\"@type\":\"ImageObject\",\"inLanguage\":\"en-US\",\"@id\":\"https:\/\/cochetconceptweb.fr\/dev\/gonet\/#\/schema\/logo\/image\/\",\"url\":\"https:\/\/www.champagne-gimonnet-gonet.com\/wp-content\/uploads\/2025\/07\/logo-header.svg\",\"contentUrl\":\"https:\/\/www.champagne-gimonnet-gonet.com\/wp-content\/uploads\/2025\/07\/logo-header.svg\",\"caption\":\"Champagne Gimonnet Gonet\"},\"image\":{\"@id\":\"https:\/\/cochetconceptweb.fr\/dev\/gonet\/#\/schema\/logo\/image\/\"},\"sameAs\":[\"https:\/\/www.facebook.com\/ChampagneGimonnetGonet\/?locale=fr_FR\"]}]}<\/script>\n<!-- \/ Yoast SEO plugin. -->","yoast_head_json":{"title":"L'Identit\u00e9 2019 - Champagne Gimonnet Gonet","description":"L\u2019Identit\u00e9 2019, 100% Chardonnay. Un Blanc de blancs rond et g\u00e9n\u00e9reux, reflet lumineux d\u2019un mill\u00e9sime marqu\u00e9 par chaleur et soleil.","robots":{"index":"index","follow":"follow","max-snippet":"max-snippet:-1","max-image-preview":"max-image-preview:large","max-video-preview":"max-video-preview:-1"},"canonical":"https:\/\/www.champagne-gimonnet-gonet.com\/en\/produit\/lidentite-2019\/","og_locale":"en_US","og_type":"article","og_title":"L'Identit\u00e9 2019 - Champagne Gimonnet Gonet","og_description":"L\u2019Identit\u00e9 2019, 100% Chardonnay. Un Blanc de blancs rond et g\u00e9n\u00e9reux, reflet lumineux d\u2019un mill\u00e9sime marqu\u00e9 par chaleur et soleil.","og_url":"https:\/\/www.champagne-gimonnet-gonet.com\/en\/produit\/lidentite-2019\/","og_site_name":"Champagne Gimonnet Gonet","article_publisher":"https:\/\/www.facebook.com\/ChampagneGimonnetGonet\/?locale=fr_FR","article_modified_time":"2025-12-23T16:07:25+00:00","og_image":[{"width":141,"height":465,"url":"https:\/\/www.champagne-gimonnet-gonet.com\/wp-content\/uploads\/2025\/12\/Sans-titre-1.png","type":"image\/png"}],"twitter_card":"summary_large_image","twitter_misc":{"Est. reading time":"1 minute"},"schema":{"@context":"https:\/\/schema.org","@graph":[{"@type":"WebPage","@id":"https:\/\/www.champagne-gimonnet-gonet.com\/en\/produit\/lidentite-2019\/","url":"https:\/\/www.champagne-gimonnet-gonet.com\/en\/produit\/lidentite-2019\/","name":"L'Identit\u00e9 2019 - Champagne Gimonnet Gonet","isPartOf":{"@id":"https:\/\/cochetconceptweb.fr\/dev\/gonet\/#website"},"primaryImageOfPage":{"@id":"https:\/\/www.champagne-gimonnet-gonet.com\/en\/produit\/lidentite-2019\/#primaryimage"},"image":{"@id":"https:\/\/www.champagne-gimonnet-gonet.com\/en\/produit\/lidentite-2019\/#primaryimage"},"thumbnailUrl":"https:\/\/www.champagne-gimonnet-gonet.com\/wp-content\/uploads\/2025\/12\/Sans-titre-1.png","datePublished":"2025-12-10T08:20:42+00:00","dateModified":"2025-12-23T16:07:25+00:00","description":"L\u2019Identit\u00e9 2019, 100% Chardonnay. Un Blanc de blancs rond et g\u00e9n\u00e9reux, reflet lumineux d\u2019un mill\u00e9sime marqu\u00e9 par chaleur et soleil.","breadcrumb":{"@id":"https:\/\/www.champagne-gimonnet-gonet.com\/en\/produit\/lidentite-2019\/#breadcrumb"},"inLanguage":"en-US","potentialAction":[{"@type":"ReadAction","target":["https:\/\/www.champagne-gimonnet-gonet.com\/en\/produit\/lidentite-2019\/"]}]},{"@type":"ImageObject","inLanguage":"en-US","@id":"https:\/\/www.champagne-gimonnet-gonet.com\/en\/produit\/lidentite-2019\/#primaryimage","url":"https:\/\/www.champagne-gimonnet-gonet.com\/wp-content\/uploads\/2025\/12\/Sans-titre-1.png","contentUrl":"https:\/\/www.champagne-gimonnet-gonet.com\/wp-content\/uploads\/2025\/12\/Sans-titre-1.png","width":141,"height":465,"caption":"Champagne Gimonnet Gonet L'identit\u00e9 2019 Grand Cru Blanc de blancs"},{"@type":"BreadcrumbList","@id":"https:\/\/www.champagne-gimonnet-gonet.com\/en\/produit\/lidentite-2019\/#breadcrumb","itemListElement":[{"@type":"ListItem","position":1,"name":"Accueil","item":"https:\/\/www.champagne-gimonnet-gonet.com\/en\/"},{"@type":"ListItem","position":2,"name":"L&rsquo;Identit\u00e9 2019"}]},{"@type":"WebSite","@id":"https:\/\/cochetconceptweb.fr\/dev\/gonet\/#website","url":"https:\/\/cochetconceptweb.fr\/dev\/gonet\/","name":"Champagne Gimonnet Gonet","description":"De la C\u00f4te des Blancs \u00e0 la Vall\u00e9e de la Marne, puret\u00e9 et authenticit\u00e9.","publisher":{"@id":"https:\/\/cochetconceptweb.fr\/dev\/gonet\/#organization"},"potentialAction":[{"@type":"SearchAction","target":{"@type":"EntryPoint","urlTemplate":"https:\/\/cochetconceptweb.fr\/dev\/gonet\/?s={search_term_string}"},"query-input":{"@type":"PropertyValueSpecification","valueRequired":true,"valueName":"search_term_string"}}],"inLanguage":"en-US"},{"@type":"Organization","@id":"https:\/\/cochetconceptweb.fr\/dev\/gonet\/#organization","name":"Champagne Gimonnet Gonet","url":"https:\/\/cochetconceptweb.fr\/dev\/gonet\/","logo":{"@type":"ImageObject","inLanguage":"en-US","@id":"https:\/\/cochetconceptweb.fr\/dev\/gonet\/#\/schema\/logo\/image\/","url":"https:\/\/www.champagne-gimonnet-gonet.com\/wp-content\/uploads\/2025\/07\/logo-header.svg","contentUrl":"https:\/\/www.champagne-gimonnet-gonet.com\/wp-content\/uploads\/2025\/07\/logo-header.svg","caption":"Champagne Gimonnet Gonet"},"image":{"@id":"https:\/\/cochetconceptweb.fr\/dev\/gonet\/#\/schema\/logo\/image\/"},"sameAs":["https:\/\/www.facebook.com\/ChampagneGimonnetGonet\/?locale=fr_FR"]}]}},"_links":{"self":[{"href":"https:\/\/www.champagne-gimonnet-gonet.com\/en\/wp-json\/wp\/v2\/product\/699","targetHints":{"allow":["GET"]}}],"collection":[{"href":"https:\/\/www.champagne-gimonnet-gonet.com\/en\/wp-json\/wp\/v2\/product"}],"about":[{"href":"https:\/\/www.champagne-gimonnet-gonet.com\/en\/wp-json\/wp\/v2\/types\/product"}],"wp:featuredmedia":[{"embeddable":true,"href":"https:\/\/www.champagne-gimonnet-gonet.com\/en\/wp-json\/wp\/v2\/media\/698"}],"wp:attachment":[{"href":"https:\/\/www.champagne-gimonnet-gonet.com\/en\/wp-json\/wp\/v2\/media?parent=699"}],"wp:term":[{"taxonomy":"product_brand","embeddable":true,"href":"https:\/\/www.champagne-gimonnet-gonet.com\/en\/wp-json\/wp\/v2\/product_brand?post=699"},{"taxonomy":"product_cat","embeddable":true,"href":"https:\/\/www.champagne-gimonnet-gonet.com\/en\/wp-json\/wp\/v2\/product_cat?post=699"},{"taxonomy":"product_tag","embeddable":true,"href":"https:\/\/www.champagne-gimonnet-gonet.com\/en\/wp-json\/wp\/v2\/product_tag?post=699"}],"curies":[{"name":"wp","href":"https:\/\/api.w.org\/{rel}","templated":true}]}}