{"id":692,"date":"2025-11-20T15:46:03","date_gmt":"2025-11-20T14:46:03","guid":{"rendered":"https:\/\/www.champagne-gimonnet-gonet.com\/produit\/terre-du-mesnil-2018\/"},"modified":"2025-12-23T17:02:39","modified_gmt":"2025-12-23T16:02:39","slug":"terredumesnil2018","status":"publish","type":"product","link":"https:\/\/www.champagne-gimonnet-gonet.com\/en\/produit\/terredumesnil2018\/","title":{"rendered":"Terre du Mesnil 2018"},"content":{"rendered":"","protected":false},"excerpt":{"rendered":"","protected":false},"featured_media":691,"template":"","meta":{"_acf_changed":false,"inline_featured_image":false},"product_brand":[],"product_cat":[58],"product_tag":[],"class_list":{"0":"post-692","1":"product","2":"type-product","3":"status-publish","4":"has-post-thumbnail","6":"product_cat-millesimes-mono","7":"entry","9":"first","10":"instock","11":"shipping-taxable","12":"product-type-simple"},"acf":[],"yoast_head":"<!-- This site is optimized with the Yoast SEO plugin v26.6 - https:\/\/yoast.com\/wordpress\/plugins\/seo\/ -->\n<title>Terre du Mesnil 2018 - Champagne Gimonnet Gonet<\/title>\n<meta name=\"description\" content=\"Terre du Mesnil 2018, 100% Chardonnay de Mesnil-sur-Oger. Ce Grand Cru allie min\u00e9ralit\u00e9 et fra\u00eecheur, reflet fid\u00e8le de nos racines maternelles.\" \/>\n<meta name=\"robots\" content=\"index, follow, max-snippet:-1, max-image-preview:large, max-video-preview:-1\" \/>\n<link rel=\"canonical\" href=\"https:\/\/www.champagne-gimonnet-gonet.com\/en\/produit\/terredumesnil2018\/\" \/>\n<meta property=\"og:locale\" content=\"en_US\" \/>\n<meta property=\"og:type\" content=\"article\" \/>\n<meta property=\"og:title\" content=\"Terre du Mesnil 2018 - Champagne Gimonnet Gonet\" \/>\n<meta property=\"og:description\" content=\"Terre du Mesnil 2018, 100% Chardonnay de Mesnil-sur-Oger. Ce Grand Cru allie min\u00e9ralit\u00e9 et fra\u00eecheur, reflet fid\u00e8le de nos racines maternelles.\" \/>\n<meta property=\"og:url\" content=\"https:\/\/www.champagne-gimonnet-gonet.com\/en\/produit\/terredumesnil2018\/\" \/>\n<meta property=\"og:site_name\" content=\"Champagne Gimonnet Gonet\" \/>\n<meta property=\"article:publisher\" content=\"https:\/\/www.facebook.com\/ChampagneGimonnetGonet\/?locale=fr_FR\" \/>\n<meta property=\"article:modified_time\" content=\"2025-12-23T16:02:39+00:00\" \/>\n<meta property=\"og:image\" content=\"https:\/\/www.champagne-gimonnet-gonet.com\/wp-content\/uploads\/2025\/11\/Champagne-Gimonnet-Gonet-Packshot-2024-11-_MG_7671-copie-2-1-scaled-e1764931350147.png\" \/>\n\t<meta property=\"og:image:width\" content=\"308\" \/>\n\t<meta property=\"og:image:height\" content=\"1000\" \/>\n\t<meta property=\"og:image:type\" content=\"image\/png\" \/>\n<meta name=\"twitter:card\" content=\"summary_large_image\" \/>\n<meta name=\"twitter:label1\" content=\"Est. reading time\" \/>\n\t<meta name=\"twitter:data1\" content=\"1 minute\" \/>\n<script type=\"application\/ld+json\" class=\"yoast-schema-graph\">{\"@context\":\"https:\/\/schema.org\",\"@graph\":[{\"@type\":\"WebPage\",\"@id\":\"https:\/\/www.champagne-gimonnet-gonet.com\/en\/produit\/terredumesnil2018\/\",\"url\":\"https:\/\/www.champagne-gimonnet-gonet.com\/en\/produit\/terredumesnil2018\/\",\"name\":\"Terre du Mesnil 2018 - Champagne Gimonnet Gonet\",\"isPartOf\":{\"@id\":\"https:\/\/cochetconceptweb.fr\/dev\/gonet\/#website\"},\"primaryImageOfPage\":{\"@id\":\"https:\/\/www.champagne-gimonnet-gonet.com\/en\/produit\/terredumesnil2018\/#primaryimage\"},\"image\":{\"@id\":\"https:\/\/www.champagne-gimonnet-gonet.com\/en\/produit\/terredumesnil2018\/#primaryimage\"},\"thumbnailUrl\":\"https:\/\/www.champagne-gimonnet-gonet.com\/wp-content\/uploads\/2025\/11\/Champagne-Gimonnet-Gonet-Packshot-2024-11-_MG_7671-copie-2-1-scaled-e1764931350147.png\",\"datePublished\":\"2025-11-20T14:46:03+00:00\",\"dateModified\":\"2025-12-23T16:02:39+00:00\",\"description\":\"Terre du Mesnil 2018, 100% Chardonnay de Mesnil-sur-Oger. Ce Grand Cru allie min\u00e9ralit\u00e9 et fra\u00eecheur, reflet fid\u00e8le de nos racines maternelles.\",\"breadcrumb\":{\"@id\":\"https:\/\/www.champagne-gimonnet-gonet.com\/en\/produit\/terredumesnil2018\/#breadcrumb\"},\"inLanguage\":\"en-US\",\"potentialAction\":[{\"@type\":\"ReadAction\",\"target\":[\"https:\/\/www.champagne-gimonnet-gonet.com\/en\/produit\/terredumesnil2018\/\"]}]},{\"@type\":\"ImageObject\",\"inLanguage\":\"en-US\",\"@id\":\"https:\/\/www.champagne-gimonnet-gonet.com\/en\/produit\/terredumesnil2018\/#primaryimage\",\"url\":\"https:\/\/www.champagne-gimonnet-gonet.com\/wp-content\/uploads\/2025\/11\/Champagne-Gimonnet-Gonet-Packshot-2024-11-_MG_7671-copie-2-1-scaled-e1764931350147.png\",\"contentUrl\":\"https:\/\/www.champagne-gimonnet-gonet.com\/wp-content\/uploads\/2025\/11\/Champagne-Gimonnet-Gonet-Packshot-2024-11-_MG_7671-copie-2-1-scaled-e1764931350147.png\",\"width\":308,\"height\":1000,\"caption\":\"Champagne Gimonnet Gonet Terre du Mesnil 2018 Grand Cru\"},{\"@type\":\"BreadcrumbList\",\"@id\":\"https:\/\/www.champagne-gimonnet-gonet.com\/en\/produit\/terredumesnil2018\/#breadcrumb\",\"itemListElement\":[{\"@type\":\"ListItem\",\"position\":1,\"name\":\"Accueil\",\"item\":\"https:\/\/www.champagne-gimonnet-gonet.com\/en\/\"},{\"@type\":\"ListItem\",\"position\":2,\"name\":\"Terre du Mesnil 2018\"}]},{\"@type\":\"WebSite\",\"@id\":\"https:\/\/cochetconceptweb.fr\/dev\/gonet\/#website\",\"url\":\"https:\/\/cochetconceptweb.fr\/dev\/gonet\/\",\"name\":\"Champagne Gimonnet Gonet\",\"description\":\"De la C\u00f4te des Blancs \u00e0 la Vall\u00e9e de la Marne, puret\u00e9 et authenticit\u00e9.\",\"publisher\":{\"@id\":\"https:\/\/cochetconceptweb.fr\/dev\/gonet\/#organization\"},\"potentialAction\":[{\"@type\":\"SearchAction\",\"target\":{\"@type\":\"EntryPoint\",\"urlTemplate\":\"https:\/\/cochetconceptweb.fr\/dev\/gonet\/?s={search_term_string}\"},\"query-input\":{\"@type\":\"PropertyValueSpecification\",\"valueRequired\":true,\"valueName\":\"search_term_string\"}}],\"inLanguage\":\"en-US\"},{\"@type\":\"Organization\",\"@id\":\"https:\/\/cochetconceptweb.fr\/dev\/gonet\/#organization\",\"name\":\"Champagne Gimonnet Gonet\",\"url\":\"https:\/\/cochetconceptweb.fr\/dev\/gonet\/\",\"logo\":{\"@type\":\"ImageObject\",\"inLanguage\":\"en-US\",\"@id\":\"https:\/\/cochetconceptweb.fr\/dev\/gonet\/#\/schema\/logo\/image\/\",\"url\":\"https:\/\/www.champagne-gimonnet-gonet.com\/wp-content\/uploads\/2025\/07\/logo-header.svg\",\"contentUrl\":\"https:\/\/www.champagne-gimonnet-gonet.com\/wp-content\/uploads\/2025\/07\/logo-header.svg\",\"caption\":\"Champagne Gimonnet Gonet\"},\"image\":{\"@id\":\"https:\/\/cochetconceptweb.fr\/dev\/gonet\/#\/schema\/logo\/image\/\"},\"sameAs\":[\"https:\/\/www.facebook.com\/ChampagneGimonnetGonet\/?locale=fr_FR\"]}]}<\/script>\n<!-- \/ Yoast SEO plugin. -->","yoast_head_json":{"title":"Terre du Mesnil 2018 - Champagne Gimonnet Gonet","description":"Terre du Mesnil 2018, 100% Chardonnay de Mesnil-sur-Oger. Ce Grand Cru allie min\u00e9ralit\u00e9 et fra\u00eecheur, reflet fid\u00e8le de nos racines maternelles.","robots":{"index":"index","follow":"follow","max-snippet":"max-snippet:-1","max-image-preview":"max-image-preview:large","max-video-preview":"max-video-preview:-1"},"canonical":"https:\/\/www.champagne-gimonnet-gonet.com\/en\/produit\/terredumesnil2018\/","og_locale":"en_US","og_type":"article","og_title":"Terre du Mesnil 2018 - Champagne Gimonnet Gonet","og_description":"Terre du Mesnil 2018, 100% Chardonnay de Mesnil-sur-Oger. Ce Grand Cru allie min\u00e9ralit\u00e9 et fra\u00eecheur, reflet fid\u00e8le de nos racines maternelles.","og_url":"https:\/\/www.champagne-gimonnet-gonet.com\/en\/produit\/terredumesnil2018\/","og_site_name":"Champagne Gimonnet Gonet","article_publisher":"https:\/\/www.facebook.com\/ChampagneGimonnetGonet\/?locale=fr_FR","article_modified_time":"2025-12-23T16:02:39+00:00","og_image":[{"width":308,"height":1000,"url":"https:\/\/www.champagne-gimonnet-gonet.com\/wp-content\/uploads\/2025\/11\/Champagne-Gimonnet-Gonet-Packshot-2024-11-_MG_7671-copie-2-1-scaled-e1764931350147.png","type":"image\/png"}],"twitter_card":"summary_large_image","twitter_misc":{"Est. reading time":"1 minute"},"schema":{"@context":"https:\/\/schema.org","@graph":[{"@type":"WebPage","@id":"https:\/\/www.champagne-gimonnet-gonet.com\/en\/produit\/terredumesnil2018\/","url":"https:\/\/www.champagne-gimonnet-gonet.com\/en\/produit\/terredumesnil2018\/","name":"Terre du Mesnil 2018 - Champagne Gimonnet Gonet","isPartOf":{"@id":"https:\/\/cochetconceptweb.fr\/dev\/gonet\/#website"},"primaryImageOfPage":{"@id":"https:\/\/www.champagne-gimonnet-gonet.com\/en\/produit\/terredumesnil2018\/#primaryimage"},"image":{"@id":"https:\/\/www.champagne-gimonnet-gonet.com\/en\/produit\/terredumesnil2018\/#primaryimage"},"thumbnailUrl":"https:\/\/www.champagne-gimonnet-gonet.com\/wp-content\/uploads\/2025\/11\/Champagne-Gimonnet-Gonet-Packshot-2024-11-_MG_7671-copie-2-1-scaled-e1764931350147.png","datePublished":"2025-11-20T14:46:03+00:00","dateModified":"2025-12-23T16:02:39+00:00","description":"Terre du Mesnil 2018, 100% Chardonnay de Mesnil-sur-Oger. Ce Grand Cru allie min\u00e9ralit\u00e9 et fra\u00eecheur, reflet fid\u00e8le de nos racines maternelles.","breadcrumb":{"@id":"https:\/\/www.champagne-gimonnet-gonet.com\/en\/produit\/terredumesnil2018\/#breadcrumb"},"inLanguage":"en-US","potentialAction":[{"@type":"ReadAction","target":["https:\/\/www.champagne-gimonnet-gonet.com\/en\/produit\/terredumesnil2018\/"]}]},{"@type":"ImageObject","inLanguage":"en-US","@id":"https:\/\/www.champagne-gimonnet-gonet.com\/en\/produit\/terredumesnil2018\/#primaryimage","url":"https:\/\/www.champagne-gimonnet-gonet.com\/wp-content\/uploads\/2025\/11\/Champagne-Gimonnet-Gonet-Packshot-2024-11-_MG_7671-copie-2-1-scaled-e1764931350147.png","contentUrl":"https:\/\/www.champagne-gimonnet-gonet.com\/wp-content\/uploads\/2025\/11\/Champagne-Gimonnet-Gonet-Packshot-2024-11-_MG_7671-copie-2-1-scaled-e1764931350147.png","width":308,"height":1000,"caption":"Champagne Gimonnet Gonet Terre du Mesnil 2018 Grand Cru"},{"@type":"BreadcrumbList","@id":"https:\/\/www.champagne-gimonnet-gonet.com\/en\/produit\/terredumesnil2018\/#breadcrumb","itemListElement":[{"@type":"ListItem","position":1,"name":"Accueil","item":"https:\/\/www.champagne-gimonnet-gonet.com\/en\/"},{"@type":"ListItem","position":2,"name":"Terre du Mesnil 2018"}]},{"@type":"WebSite","@id":"https:\/\/cochetconceptweb.fr\/dev\/gonet\/#website","url":"https:\/\/cochetconceptweb.fr\/dev\/gonet\/","name":"Champagne Gimonnet Gonet","description":"De la C\u00f4te des Blancs \u00e0 la Vall\u00e9e de la Marne, puret\u00e9 et authenticit\u00e9.","publisher":{"@id":"https:\/\/cochetconceptweb.fr\/dev\/gonet\/#organization"},"potentialAction":[{"@type":"SearchAction","target":{"@type":"EntryPoint","urlTemplate":"https:\/\/cochetconceptweb.fr\/dev\/gonet\/?s={search_term_string}"},"query-input":{"@type":"PropertyValueSpecification","valueRequired":true,"valueName":"search_term_string"}}],"inLanguage":"en-US"},{"@type":"Organization","@id":"https:\/\/cochetconceptweb.fr\/dev\/gonet\/#organization","name":"Champagne Gimonnet Gonet","url":"https:\/\/cochetconceptweb.fr\/dev\/gonet\/","logo":{"@type":"ImageObject","inLanguage":"en-US","@id":"https:\/\/cochetconceptweb.fr\/dev\/gonet\/#\/schema\/logo\/image\/","url":"https:\/\/www.champagne-gimonnet-gonet.com\/wp-content\/uploads\/2025\/07\/logo-header.svg","contentUrl":"https:\/\/www.champagne-gimonnet-gonet.com\/wp-content\/uploads\/2025\/07\/logo-header.svg","caption":"Champagne Gimonnet Gonet"},"image":{"@id":"https:\/\/cochetconceptweb.fr\/dev\/gonet\/#\/schema\/logo\/image\/"},"sameAs":["https:\/\/www.facebook.com\/ChampagneGimonnetGonet\/?locale=fr_FR"]}]}},"_links":{"self":[{"href":"https:\/\/www.champagne-gimonnet-gonet.com\/en\/wp-json\/wp\/v2\/product\/692","targetHints":{"allow":["GET"]}}],"collection":[{"href":"https:\/\/www.champagne-gimonnet-gonet.com\/en\/wp-json\/wp\/v2\/product"}],"about":[{"href":"https:\/\/www.champagne-gimonnet-gonet.com\/en\/wp-json\/wp\/v2\/types\/product"}],"wp:featuredmedia":[{"embeddable":true,"href":"https:\/\/www.champagne-gimonnet-gonet.com\/en\/wp-json\/wp\/v2\/media\/691"}],"wp:attachment":[{"href":"https:\/\/www.champagne-gimonnet-gonet.com\/en\/wp-json\/wp\/v2\/media?parent=692"}],"wp:term":[{"taxonomy":"product_brand","embeddable":true,"href":"https:\/\/www.champagne-gimonnet-gonet.com\/en\/wp-json\/wp\/v2\/product_brand?post=692"},{"taxonomy":"product_cat","embeddable":true,"href":"https:\/\/www.champagne-gimonnet-gonet.com\/en\/wp-json\/wp\/v2\/product_cat?post=692"},{"taxonomy":"product_tag","embeddable":true,"href":"https:\/\/www.champagne-gimonnet-gonet.com\/en\/wp-json\/wp\/v2\/product_tag?post=692"}],"curies":[{"name":"wp","href":"https:\/\/api.w.org\/{rel}","templated":true}]}}