{"id":685,"date":"2021-04-27T15:37:19","date_gmt":"2021-04-27T13:37:19","guid":{"rendered":"https:\/\/www.champagne-gimonnet-gonet.com\/contact\/"},"modified":"2025-12-23T16:55:36","modified_gmt":"2025-12-23T15:55:36","slug":"contact","status":"publish","type":"page","link":"https:\/\/www.champagne-gimonnet-gonet.com\/en\/contact\/","title":{"rendered":"Contact"},"content":{"rendered":"","protected":false},"excerpt":{"rendered":"","protected":false},"author":1,"featured_media":0,"parent":0,"menu_order":4,"comment_status":"closed","ping_status":"closed","template":"template-contact.php","meta":{"_acf_changed":false,"inline_featured_image":false,"footnotes":""},"class_list":["post-685","page","type-page","status-publish","hentry","entry"],"acf":[],"yoast_head":"<!-- This site is optimized with the Yoast SEO plugin v26.6 - https:\/\/yoast.com\/wordpress\/plugins\/seo\/ -->\n<title>Contact - Champagne Gimonnet Gonet<\/title>\n<meta name=\"description\" content=\"Contactez Gimonnet\u2013Gonet pour toute question ou visite. Nous serons heureux de vous pr\u00e9senter nos champagnes et notre savoir-faire familial.\" \/>\n<meta name=\"robots\" content=\"index, follow, max-snippet:-1, max-image-preview:large, max-video-preview:-1\" \/>\n<link rel=\"canonical\" href=\"https:\/\/www.champagne-gimonnet-gonet.com\/en\/contact\/\" \/>\n<meta property=\"og:locale\" content=\"en_US\" \/>\n<meta property=\"og:type\" content=\"article\" \/>\n<meta property=\"og:title\" content=\"Contact - Champagne Gimonnet Gonet\" \/>\n<meta property=\"og:description\" content=\"Contactez Gimonnet\u2013Gonet pour toute question ou visite. Nous serons heureux de vous pr\u00e9senter nos champagnes et notre savoir-faire familial.\" \/>\n<meta property=\"og:url\" content=\"https:\/\/www.champagne-gimonnet-gonet.com\/en\/contact\/\" \/>\n<meta property=\"og:site_name\" content=\"Champagne Gimonnet Gonet\" \/>\n<meta property=\"article:publisher\" content=\"https:\/\/www.facebook.com\/ChampagneGimonnetGonet\/?locale=fr_FR\" \/>\n<meta property=\"article:modified_time\" content=\"2025-12-23T15:55:36+00:00\" \/>\n<meta name=\"twitter:card\" content=\"summary_large_image\" \/>\n<script type=\"application\/ld+json\" class=\"yoast-schema-graph\">{\"@context\":\"https:\/\/schema.org\",\"@graph\":[{\"@type\":\"WebPage\",\"@id\":\"https:\/\/www.champagne-gimonnet-gonet.com\/en\/contact\/\",\"url\":\"https:\/\/www.champagne-gimonnet-gonet.com\/en\/contact\/\",\"name\":\"Contact - Champagne Gimonnet Gonet\",\"isPartOf\":{\"@id\":\"https:\/\/cochetconceptweb.fr\/dev\/gonet\/#website\"},\"datePublished\":\"2021-04-27T13:37:19+00:00\",\"dateModified\":\"2025-12-23T15:55:36+00:00\",\"description\":\"Contactez Gimonnet\u2013Gonet pour toute question ou visite. Nous serons heureux de vous pr\u00e9senter nos champagnes et notre savoir-faire familial.\",\"breadcrumb\":{\"@id\":\"https:\/\/www.champagne-gimonnet-gonet.com\/en\/contact\/#breadcrumb\"},\"inLanguage\":\"en-US\",\"potentialAction\":[{\"@type\":\"ReadAction\",\"target\":[\"https:\/\/www.champagne-gimonnet-gonet.com\/en\/contact\/\"]}]},{\"@type\":\"BreadcrumbList\",\"@id\":\"https:\/\/www.champagne-gimonnet-gonet.com\/en\/contact\/#breadcrumb\",\"itemListElement\":[{\"@type\":\"ListItem\",\"position\":1,\"name\":\"Accueil\",\"item\":\"https:\/\/www.champagne-gimonnet-gonet.com\/en\/\"},{\"@type\":\"ListItem\",\"position\":2,\"name\":\"Contact\"}]},{\"@type\":\"WebSite\",\"@id\":\"https:\/\/cochetconceptweb.fr\/dev\/gonet\/#website\",\"url\":\"https:\/\/cochetconceptweb.fr\/dev\/gonet\/\",\"name\":\"Champagne Gimonnet Gonet\",\"description\":\"De la C\u00f4te des Blancs \u00e0 la Vall\u00e9e de la Marne, puret\u00e9 et authenticit\u00e9.\",\"publisher\":{\"@id\":\"https:\/\/cochetconceptweb.fr\/dev\/gonet\/#organization\"},\"potentialAction\":[{\"@type\":\"SearchAction\",\"target\":{\"@type\":\"EntryPoint\",\"urlTemplate\":\"https:\/\/cochetconceptweb.fr\/dev\/gonet\/?s={search_term_string}\"},\"query-input\":{\"@type\":\"PropertyValueSpecification\",\"valueRequired\":true,\"valueName\":\"search_term_string\"}}],\"inLanguage\":\"en-US\"},{\"@type\":\"Organization\",\"@id\":\"https:\/\/cochetconceptweb.fr\/dev\/gonet\/#organization\",\"name\":\"Champagne Gimonnet Gonet\",\"url\":\"https:\/\/cochetconceptweb.fr\/dev\/gonet\/\",\"logo\":{\"@type\":\"ImageObject\",\"inLanguage\":\"en-US\",\"@id\":\"https:\/\/cochetconceptweb.fr\/dev\/gonet\/#\/schema\/logo\/image\/\",\"url\":\"https:\/\/www.champagne-gimonnet-gonet.com\/wp-content\/uploads\/2025\/07\/logo-header.svg\",\"contentUrl\":\"https:\/\/www.champagne-gimonnet-gonet.com\/wp-content\/uploads\/2025\/07\/logo-header.svg\",\"caption\":\"Champagne Gimonnet Gonet\"},\"image\":{\"@id\":\"https:\/\/cochetconceptweb.fr\/dev\/gonet\/#\/schema\/logo\/image\/\"},\"sameAs\":[\"https:\/\/www.facebook.com\/ChampagneGimonnetGonet\/?locale=fr_FR\"]}]}<\/script>\n<!-- \/ Yoast SEO plugin. -->","yoast_head_json":{"title":"Contact - Champagne Gimonnet Gonet","description":"Contactez Gimonnet\u2013Gonet pour toute question ou visite. Nous serons heureux de vous pr\u00e9senter nos champagnes et notre savoir-faire familial.","robots":{"index":"index","follow":"follow","max-snippet":"max-snippet:-1","max-image-preview":"max-image-preview:large","max-video-preview":"max-video-preview:-1"},"canonical":"https:\/\/www.champagne-gimonnet-gonet.com\/en\/contact\/","og_locale":"en_US","og_type":"article","og_title":"Contact - Champagne Gimonnet Gonet","og_description":"Contactez Gimonnet\u2013Gonet pour toute question ou visite. Nous serons heureux de vous pr\u00e9senter nos champagnes et notre savoir-faire familial.","og_url":"https:\/\/www.champagne-gimonnet-gonet.com\/en\/contact\/","og_site_name":"Champagne Gimonnet Gonet","article_publisher":"https:\/\/www.facebook.com\/ChampagneGimonnetGonet\/?locale=fr_FR","article_modified_time":"2025-12-23T15:55:36+00:00","twitter_card":"summary_large_image","schema":{"@context":"https:\/\/schema.org","@graph":[{"@type":"WebPage","@id":"https:\/\/www.champagne-gimonnet-gonet.com\/en\/contact\/","url":"https:\/\/www.champagne-gimonnet-gonet.com\/en\/contact\/","name":"Contact - Champagne Gimonnet Gonet","isPartOf":{"@id":"https:\/\/cochetconceptweb.fr\/dev\/gonet\/#website"},"datePublished":"2021-04-27T13:37:19+00:00","dateModified":"2025-12-23T15:55:36+00:00","description":"Contactez Gimonnet\u2013Gonet pour toute question ou visite. Nous serons heureux de vous pr\u00e9senter nos champagnes et notre savoir-faire familial.","breadcrumb":{"@id":"https:\/\/www.champagne-gimonnet-gonet.com\/en\/contact\/#breadcrumb"},"inLanguage":"en-US","potentialAction":[{"@type":"ReadAction","target":["https:\/\/www.champagne-gimonnet-gonet.com\/en\/contact\/"]}]},{"@type":"BreadcrumbList","@id":"https:\/\/www.champagne-gimonnet-gonet.com\/en\/contact\/#breadcrumb","itemListElement":[{"@type":"ListItem","position":1,"name":"Accueil","item":"https:\/\/www.champagne-gimonnet-gonet.com\/en\/"},{"@type":"ListItem","position":2,"name":"Contact"}]},{"@type":"WebSite","@id":"https:\/\/cochetconceptweb.fr\/dev\/gonet\/#website","url":"https:\/\/cochetconceptweb.fr\/dev\/gonet\/","name":"Champagne Gimonnet Gonet","description":"De la C\u00f4te des Blancs \u00e0 la Vall\u00e9e de la Marne, puret\u00e9 et authenticit\u00e9.","publisher":{"@id":"https:\/\/cochetconceptweb.fr\/dev\/gonet\/#organization"},"potentialAction":[{"@type":"SearchAction","target":{"@type":"EntryPoint","urlTemplate":"https:\/\/cochetconceptweb.fr\/dev\/gonet\/?s={search_term_string}"},"query-input":{"@type":"PropertyValueSpecification","valueRequired":true,"valueName":"search_term_string"}}],"inLanguage":"en-US"},{"@type":"Organization","@id":"https:\/\/cochetconceptweb.fr\/dev\/gonet\/#organization","name":"Champagne Gimonnet Gonet","url":"https:\/\/cochetconceptweb.fr\/dev\/gonet\/","logo":{"@type":"ImageObject","inLanguage":"en-US","@id":"https:\/\/cochetconceptweb.fr\/dev\/gonet\/#\/schema\/logo\/image\/","url":"https:\/\/www.champagne-gimonnet-gonet.com\/wp-content\/uploads\/2025\/07\/logo-header.svg","contentUrl":"https:\/\/www.champagne-gimonnet-gonet.com\/wp-content\/uploads\/2025\/07\/logo-header.svg","caption":"Champagne Gimonnet Gonet"},"image":{"@id":"https:\/\/cochetconceptweb.fr\/dev\/gonet\/#\/schema\/logo\/image\/"},"sameAs":["https:\/\/www.facebook.com\/ChampagneGimonnetGonet\/?locale=fr_FR"]}]}},"_links":{"self":[{"href":"https:\/\/www.champagne-gimonnet-gonet.com\/en\/wp-json\/wp\/v2\/pages\/685","targetHints":{"allow":["GET"]}}],"collection":[{"href":"https:\/\/www.champagne-gimonnet-gonet.com\/en\/wp-json\/wp\/v2\/pages"}],"about":[{"href":"https:\/\/www.champagne-gimonnet-gonet.com\/en\/wp-json\/wp\/v2\/types\/page"}],"author":[{"embeddable":true,"href":"https:\/\/www.champagne-gimonnet-gonet.com\/en\/wp-json\/wp\/v2\/users\/1"}],"replies":[{"embeddable":true,"href":"https:\/\/www.champagne-gimonnet-gonet.com\/en\/wp-json\/wp\/v2\/comments?post=685"}],"version-history":[{"count":1,"href":"https:\/\/www.champagne-gimonnet-gonet.com\/en\/wp-json\/wp\/v2\/pages\/685\/revisions"}],"predecessor-version":[{"id":689,"href":"https:\/\/www.champagne-gimonnet-gonet.com\/en\/wp-json\/wp\/v2\/pages\/685\/revisions\/689"}],"wp:attachment":[{"href":"https:\/\/www.champagne-gimonnet-gonet.com\/en\/wp-json\/wp\/v2\/media?parent=685"}],"curies":[{"name":"wp","href":"https:\/\/api.w.org\/{rel}","templated":true}]}}